{"id":1937,"date":"2023-12-11T14:48:24","date_gmt":"2023-12-11T14:48:24","guid":{"rendered":"https:\/\/arquitectesvallesbaix.infofuturo.eu\/?page_id=1937"},"modified":"2024-07-24T02:47:11","modified_gmt":"2024-07-24T02:47:11","slug":"proyectos-de-obra-nueva","status":"publish","type":"page","link":"https:\/\/arquitectesvallesbaix.com\/es\/proyectos-de-obra-nueva\/","title":{"rendered":"PROYECTOS DE OBRA NUEVA"},"content":{"rendered":"<div class=\"brz-root__container brz-reset-all brz\">\n<section id=\"scraydyuqwqanxowhtsakxbdgzdzbyqnpmjk\" class=\"brz-section brz-css-t9Vlf brz-css-nUohr\">\n<div class=\"brz-section__content brz-section--boxed brz-css-t3cbT brz-css-mPSQ5\" data-brz-custom-id=\"purhbvaqkqyjjsplpowgeamcqtgtapuzdwkr\">\n<div class=\"brz-bg\">\n<div class=\"brz-bg-image\"><\/div>\n<div class=\"brz-bg-color\"><\/div>\n<\/div>\n<div class=\"brz-container brz-css-oxASi brz-css-c6eAM\">\n<div id=\"\" data-brz-iteration-count=\"1\" class=\"brz-css-yMXEA brz-wrapper brz-animated brz-css-cfDDr brz-css-xJeQu\" data-animationid=\"xvikivjtwszlchkcgwveilnqdjtvienvxsuh\">\n<div class=\"brz-rich-text brz-rich-text__custom brz-css-uNue_\" data-brz-custom-id=\"yqfehmmkxsrfovjolvethvaldbcqudljlazy\">\n<div data-brz-translate-text=\"1\">\n<p class=\"brz-text-lg-center brz-fs-xs-14 brz-lh-xs-2 brz-tp-lg-heading1 brz-css-f1w9c\" data-uniq-id=\"hNfFD\" data-generated-css=\"brz-css-iEJ3S\"><span>PROYECTOS DE OBRA NUEVA<\/span><\/p>\n<\/div>\n<\/div>\n<\/div>\n<div id=\"\" class=\"brz-css-yMXEA brz-css-fWEtj brz-wrapper\">\n<div class=\"brz-spacer brz-css-ijw6S brz-css-jqZo0\"><\/div>\n<\/div>\n<div data-brz-iteration-count=\"1\" class=\"brz-wrapper-clone brz-css-sM89Q brz-animated brz-css-qzVae brz-css-y1IND\" data-animationid=\"qosdgyvuzugrpomhdnpwddgfdyvrkbuuzlkd\">\n<div class=\"brz-d-xs-flex brz-flex-xs-wrap brz-css-rACiX\" data-brz-custom-id=\"\">\n<div class=\"brz-wrapper-clone__item\" id=\"ygirshowetikovhavagcruekhjbzhjrrepmr\">\n<div class=\"brz-icon__container\" data-brz-custom-id=\"ygirshowetikovhavagcruekhjbzhjrrepmr\"><a class=\"brz-a brz-anchor\" href=\"#etdrhwfbbupgaobihfuprevovyxlnsahuxsk\" target=\"_self\" rel=\"noopener\" data-brz-link-type=\"anchor\"><span class=\"brz-icon brz-span brz-css-dMBM7 brz-css-y_q1C\"><\/span><\/a><\/div>\n<\/div>\n<\/div>\n<\/div>\n<\/div>\n<\/div>\n<\/section>\n<section id=\"etdrhwfbbupgaobihfuprevovyxlnsahuxsk\" class=\"brz-section brz-css-t9Vlf\">\n<div class=\"brz-section__content brz-section--boxed brz-css-t3cbT brz-css-ledQd\" data-brz-custom-id=\"ubczeckzdltizpesxytlhheuonekemtntvjl\">\n<div class=\"brz-bg\">\n<div class=\"brz-bg-image\"><\/div>\n<div class=\"brz-bg-color\"><\/div>\n<\/div>\n<div class=\"brz-container brz-css-oxASi brz-css-aXvfK\">\n<div id=\"\" class=\"brz-css-yMXEA brz-wrapper\">\n<div class=\"brz-rich-text brz-rich-text__custom brz-css-uNue_\" data-brz-custom-id=\"ohdh28GlEd8K\">\n<div data-brz-translate-text=\"1\">\n<p class=\"brz-tp-lg-paragraph brz-css-n2MuF\" data-uniq-id=\"kuYvv\" data-generated-css=\"brz-css-mpLn3\"><span class=\"brz-cp-color1\">Nos enorgullecemos de presentar nuestra colecci\u00f3n de proyectos de obra nueva que reflejan nuestro compromiso con la innovaci\u00f3n, la calidad y la excelencia en el dise\u00f1o arquitect\u00f3nico. Cada proyecto es una manifestaci\u00f3n de nuestra dedicaci\u00f3n para crear espacios que no s\u00f3lo satisfacen las necesidades funcionales, sino que tambi\u00e9n inspiran y enriquecen la vida de quienes los habitan.<\/span><\/p>\n<\/div>\n<\/div>\n<\/div>\n<div id=\"\" class=\"brz-css-yMXEA brz-css-fWEtj brz-wrapper\">\n<div class=\"brz-spacer brz-css-ijw6S\"><\/div>\n<\/div>\n<div id=\"\" class=\"brz-css-yMXEA brz-wrapper\">\n<div class=\"brz-image brz-css-gmtlm brz-css-bPjEA\" data-brz-custom-id=\"gq8A5eq6T847\"><img decoding=\"async\" class=\"brz-img lazyload\" data-src=\"https:\/\/arquitectesvallesbaix.com\/wp-content\/uploads\/brizy\/imgs\/remodelacion-cocina-936x624x0x47x936x530x1679498966.jpg\" alt=\"\" loading=\"lazy\" src=\"data:image\/gif;base64,R0lGODlhAQABAAAAACH5BAEKAAEALAAAAAABAAEAAAICTAEAOw==\" style=\"--smush-placeholder-width: 936px; --smush-placeholder-aspect-ratio: 936\/530;\"><noscript><img decoding=\"async\" class=\"brz-img\" src=\"https:\/\/arquitectesvallesbaix.com\/wp-content\/uploads\/brizy\/imgs\/remodelacion-cocina-936x624x0x47x936x530x1679498966.jpg\" alt=\"\" loading=\"lazy\"><\/noscript><\/div>\n<\/div>\n<div id=\"\" class=\"brz-css-yMXEA brz-css-fWEtj brz-wrapper\">\n<div class=\"brz-spacer brz-css-ijw6S\"><\/div>\n<\/div>\n<div id=\"\" class=\"brz-css-yMXEA brz-wrapper\">\n<div class=\"brz-rich-text brz-rich-text__custom brz-css-uNue_\" data-brz-custom-id=\"lTlFay7Nhq4P\">\n<div data-brz-translate-text=\"1\">\n<p class=\"brz-fs-lg-24 brz-ft-google brz-ff-reem_kufi brz-tp-lg-empty brz-lh-lg-1_6 brz-ls-lg-0 brz-fw-lg-400 brz-fss-lg-px brz-css-nrJMz\" data-uniq-id=\"wTBE4\" data-generated-css=\"brz-css-lfQ3M\"><strong class=\"brz-cp-color2\">Nuestra Filosof\u00eda de Dise\u00f1o<\/strong><\/p>\n<\/div>\n<\/div>\n<\/div>\n<div id=\"\" class=\"brz-css-yMXEA brz-wrapper\">\n<div class=\"brz-rich-text brz-rich-text__custom brz-css-uNue_\" data-brz-custom-id=\"m8h3M9E9dvo8\">\n<div data-brz-translate-text=\"1\">\n<p class=\"brz-tp-lg-paragraph brz-css-cJGzW\" data-uniq-id=\"yMS_I\" data-generated-css=\"brz-css-wnHAJ\"><span class=\"brz-cp-color1\">Abracamos una filosof\u00eda de dise\u00f1o que se centra en la fusi\u00f3n de la creatividad, la sostenibilidad y la funcionalidad. Cada proyecto se desarrolla con un enfoque integral, desde la concepci\u00f3n inicial hasta la entrega final, asegurando que cada espacio no s\u00f3lo cumpla con las expectativas, sino que las supere.<\/span><\/p>\n<\/div>\n<\/div>\n<\/div>\n<div id=\"\" class=\"brz-css-yMXEA brz-css-fWEtj brz-wrapper\">\n<div class=\"brz-spacer brz-css-ijw6S\"><\/div>\n<\/div>\n<div id=\"\" class=\"brz-css-yMXEA brz-wrapper\">\n<div class=\"brz-rich-text brz-rich-text__custom brz-css-uNue_\" data-brz-custom-id=\"ukfuOqnbvYDa\">\n<div data-brz-translate-text=\"1\">\n<p class=\"brz-lh-lg-1_6 brz-ls-lg-0 brz-fw-lg-400 brz-fss-lg-px brz-fs-lg-24 brz-ft-google brz-ff-reem_kufi brz-tp-lg-empty brz-css-huKPF\" data-uniq-id=\"qFojy\" data-generated-css=\"brz-css-jSNay\"><strong class=\"brz-cp-color2\">Compromiso con la Sostenibilidad<\/strong><\/p>\n<\/div>\n<\/div>\n<\/div>\n<div id=\"\" class=\"brz-css-yMXEA brz-wrapper\">\n<div class=\"brz-rich-text brz-rich-text__custom brz-css-uNue_\" data-brz-custom-id=\"jXGjdqEfjfla\">\n<div data-brz-translate-text=\"1\">\n<p class=\"brz-tp-lg-paragraph brz-css-jOTsR\" data-uniq-id=\"pg7dC\" data-generated-css=\"brz-css-sAgPU\"><span class=\"brz-cp-color1\">Nos enorgullece incorporar pr\u00e1cticas sostenibles en todos nuestros proyectos. Desde la selecci\u00f3n de materiales respetuosos con el medio ambiente hasta soluciones energ\u00e9ticas innovadoras, trabajamos para reducir nuestro impacto ambiental y contribuir a comunidades m\u00e1s sostenibles.<\/span><\/p>\n<\/div>\n<\/div>\n<\/div>\n<div id=\"\" class=\"brz-css-yMXEA brz-css-fWEtj brz-wrapper\">\n<div class=\"brz-spacer brz-css-ijw6S\"><\/div>\n<\/div>\n<div class=\"brz-wrapper-clone brz-css-sM89Q\">\n<div class=\"brz-d-xs-flex brz-flex-xs-wrap brz-css-rACiX\" data-brz-custom-id=\"\">\n<div class=\"brz-wrapper-clone__item\" id=\"yubWEMLIBRuz\"><a class=\"brz-a brz-btn brz-css-etoNn\" href=\"\" target=\"_self\" rel=\"noopener\" data-brz-link-type=\"page\" data-brz-custom-id=\"yubWEMLIBRuz\"><span data-brz-translate-text=\"1\" class=\"brz-span brz-text__editor\">CONTACTAR<\/span><\/a><\/div>\n<\/div>\n<\/div>\n<\/div>\n<\/div>\n<\/section>\n<\/div>\n<p>    <!-- version:1721789231 --><\/p>\n","protected":false},"excerpt":{"rendered":"<p>PROYECTOS DE OBRA NUEVA Nos enorgullecemos de presentar nuestra colecci\u00f3n de proyectos de obra nueva que reflejan nuestro compromiso con la innovaci\u00f3n, la calidad y la excelencia en el dise\u00f1o arquitect\u00f3nico. Cada proyecto es una manifestaci\u00f3n de nuestra dedicaci\u00f3n para crear espacios que no s\u00f3lo satisfacen las necesidades funcionales, sino que tambi\u00e9n inspiran y enriquecen [&hellip;]<\/p>\n","protected":false},"author":1,"featured_media":0,"parent":0,"menu_order":0,"comment_status":"closed","ping_status":"closed","template":"brizy-blank-template.php","meta":{"site-sidebar-layout":"default","site-content-layout":"","ast-site-content-layout":"","site-content-style":"default","site-sidebar-style":"default","ast-global-header-display":"","ast-banner-title-visibility":"","ast-main-header-display":"","ast-hfb-above-header-display":"","ast-hfb-below-header-display":"","ast-hfb-mobile-header-display":"","site-post-title":"","ast-breadcrumbs-content":"","ast-featured-img":"","footer-sml-layout":"","theme-transparent-header-meta":"","adv-header-id-meta":"","stick-header-meta":"","header-above-stick-meta":"","header-main-stick-meta":"","header-below-stick-meta":"","astra-migrate-meta-layouts":"set","ast-page-background-enabled":"default","ast-page-background-meta":{"desktop":{"background-color":"var(--ast-global-color-4)","background-image":"","background-repeat":"repeat","background-position":"center center","background-size":"auto","background-attachment":"scroll","background-type":"","background-media":"","overlay-type":"","overlay-color":"","overlay-opacity":"","overlay-gradient":""},"tablet":{"background-color":"","background-image":"","background-repeat":"repeat","background-position":"center center","background-size":"auto","background-attachment":"scroll","background-type":"","background-media":"","overlay-type":"","overlay-color":"","overlay-opacity":"","overlay-gradient":""},"mobile":{"background-color":"","background-image":"","background-repeat":"repeat","background-position":"center center","background-size":"auto","background-attachment":"scroll","background-type":"","background-media":"","overlay-type":"","overlay-color":"","overlay-opacity":"","overlay-gradient":""}},"ast-content-background-meta":{"desktop":{"background-color":"var(--ast-global-color-5)","background-image":"","background-repeat":"repeat","background-position":"center center","background-size":"auto","background-attachment":"scroll","background-type":"","background-media":"","overlay-type":"","overlay-color":"","overlay-opacity":"","overlay-gradient":""},"tablet":{"background-color":"var(--ast-global-color-5)","background-image":"","background-repeat":"repeat","background-position":"center center","background-size":"auto","background-attachment":"scroll","background-type":"","background-media":"","overlay-type":"","overlay-color":"","overlay-opacity":"","overlay-gradient":""},"mobile":{"background-color":"var(--ast-global-color-5)","background-image":"","background-repeat":"repeat","background-position":"center center","background-size":"auto","background-attachment":"scroll","background-type":"","background-media":"","overlay-type":"","overlay-color":"","overlay-opacity":"","overlay-gradient":""}},"footnotes":""},"class_list":["post-1937","page","type-page","status-publish","hentry"],"yoast_head":"<!-- This site is optimized with the Yoast SEO plugin v23.7 - https:\/\/yoast.com\/wordpress\/plugins\/seo\/ -->\n<title>PROYECTOS DE OBRA NUEVA - arquitectesvalle<\/title>\n<meta name=\"robots\" content=\"index, follow, max-snippet:-1, max-image-preview:large, max-video-preview:-1\" \/>\n<link rel=\"canonical\" href=\"https:\/\/arquitectesvallesbaix.com\/es\/proyectos-de-obra-nueva\/\" \/>\n<meta property=\"og:locale\" content=\"es_ES\" \/>\n<meta property=\"og:type\" content=\"article\" \/>\n<meta property=\"og:title\" content=\"PROYECTOS DE OBRA NUEVA - arquitectesvalle\" \/>\n<meta property=\"og:description\" content=\"PROYECTOS DE OBRA NUEVA Nos enorgullecemos de presentar nuestra colecci\u00f3n de proyectos de obra nueva que reflejan nuestro compromiso con la innovaci\u00f3n, la calidad y la excelencia en el dise\u00f1o arquitect\u00f3nico. Cada proyecto es una manifestaci\u00f3n de nuestra dedicaci\u00f3n para crear espacios que no s\u00f3lo satisfacen las necesidades funcionales, sino que tambi\u00e9n inspiran y enriquecen [&hellip;]\" \/>\n<meta property=\"og:url\" content=\"https:\/\/arquitectesvallesbaix.com\/es\/proyectos-de-obra-nueva\/\" \/>\n<meta property=\"og:site_name\" content=\"arquitectesvalle\" \/>\n<meta property=\"article:modified_time\" content=\"2024-07-24T02:47:11+00:00\" \/>\n<meta property=\"og:image\" content=\"https:\/\/arquitectesvallesbaix.com\/wp-content\/uploads\/brizy\/imgs\/remodelacion-cocina-936x624x0x47x936x530x1679498966.jpg\" \/>\n<meta name=\"twitter:card\" content=\"summary_large_image\" \/>\n<meta name=\"twitter:site\" content=\"@arquitectesvb\" \/>\n<meta name=\"twitter:label1\" content=\"Tiempo de lectura\" \/>\n\t<meta name=\"twitter:data1\" content=\"2 minutos\" \/>\n<script type=\"application\/ld+json\" class=\"yoast-schema-graph\">{\"@context\":\"https:\/\/schema.org\",\"@graph\":[{\"@type\":\"WebPage\",\"@id\":\"https:\/\/arquitectesvallesbaix.com\/es\/proyectos-de-obra-nueva\/\",\"url\":\"https:\/\/arquitectesvallesbaix.com\/es\/proyectos-de-obra-nueva\/\",\"name\":\"PROYECTOS DE OBRA NUEVA - arquitectesvalle\",\"isPartOf\":{\"@id\":\"https:\/\/arquitectesvallesbaix.com\/#website\"},\"primaryImageOfPage\":{\"@id\":\"https:\/\/arquitectesvallesbaix.com\/es\/proyectos-de-obra-nueva\/#primaryimage\"},\"image\":{\"@id\":\"https:\/\/arquitectesvallesbaix.com\/es\/proyectos-de-obra-nueva\/#primaryimage\"},\"thumbnailUrl\":\"https:\/\/arquitectesvallesbaix.com\/wp-content\/uploads\/brizy\/imgs\/remodelacion-cocina-936x624x0x47x936x530x1679498966.jpg\",\"datePublished\":\"2023-12-11T14:48:24+00:00\",\"dateModified\":\"2024-07-24T02:47:11+00:00\",\"breadcrumb\":{\"@id\":\"https:\/\/arquitectesvallesbaix.com\/es\/proyectos-de-obra-nueva\/#breadcrumb\"},\"inLanguage\":\"es\",\"potentialAction\":[{\"@type\":\"ReadAction\",\"target\":[\"https:\/\/arquitectesvallesbaix.com\/es\/proyectos-de-obra-nueva\/\"]}]},{\"@type\":\"ImageObject\",\"inLanguage\":\"es\",\"@id\":\"https:\/\/arquitectesvallesbaix.com\/es\/proyectos-de-obra-nueva\/#primaryimage\",\"url\":\"https:\/\/arquitectesvallesbaix.com\/wp-content\/uploads\/brizy\/imgs\/remodelacion-cocina-936x624x0x47x936x530x1679498966.jpg\",\"contentUrl\":\"https:\/\/arquitectesvallesbaix.com\/wp-content\/uploads\/brizy\/imgs\/remodelacion-cocina-936x624x0x47x936x530x1679498966.jpg\"},{\"@type\":\"BreadcrumbList\",\"@id\":\"https:\/\/arquitectesvallesbaix.com\/es\/proyectos-de-obra-nueva\/#breadcrumb\",\"itemListElement\":[{\"@type\":\"ListItem\",\"position\":1,\"name\":\"Inici\",\"item\":\"https:\/\/arquitectesvallesbaix.com\/\"},{\"@type\":\"ListItem\",\"position\":2,\"name\":\"PROYECTOS DE OBRA NUEVA\"}]},{\"@type\":\"WebSite\",\"@id\":\"https:\/\/arquitectesvallesbaix.com\/#website\",\"url\":\"https:\/\/arquitectesvallesbaix.com\/\",\"name\":\"Arquitectes Vall\u00e8s-Baix\",\"description\":\"\",\"publisher\":{\"@id\":\"https:\/\/arquitectesvallesbaix.com\/#organization\"},\"potentialAction\":[{\"@type\":\"SearchAction\",\"target\":{\"@type\":\"EntryPoint\",\"urlTemplate\":\"https:\/\/arquitectesvallesbaix.com\/?s={search_term_string}\"},\"query-input\":{\"@type\":\"PropertyValueSpecification\",\"valueRequired\":true,\"valueName\":\"search_term_string\"}}],\"inLanguage\":\"es\"},{\"@type\":\"Organization\",\"@id\":\"https:\/\/arquitectesvallesbaix.com\/#organization\",\"name\":\"Arquitectes Vall\u00e8s-Baix\",\"url\":\"https:\/\/arquitectesvallesbaix.com\/\",\"logo\":{\"@type\":\"ImageObject\",\"inLanguage\":\"es\",\"@id\":\"https:\/\/arquitectesvallesbaix.com\/#\/schema\/logo\/image\/\",\"url\":\"https:\/\/arquitectesvallesbaix.comwp-content\/uploads\/2023\/03\/favicon.png\",\"contentUrl\":\"https:\/\/arquitectesvallesbaix.comwp-content\/uploads\/2023\/03\/favicon.png\",\"width\":447,\"height\":447,\"caption\":\"Arquitectes Vall\u00e8s-Baix\"},\"image\":{\"@id\":\"https:\/\/arquitectesvallesbaix.com\/#\/schema\/logo\/image\/\"},\"sameAs\":[\"https:\/\/x.com\/arquitectesvb\",\"https:\/\/www.linkedin.com\/in\/arquitectesvallesbaix\/?originalSubdomain=es\"]}]}<\/script>\n<!-- \/ Yoast SEO plugin. -->","yoast_head_json":{"title":"PROYECTOS DE OBRA NUEVA - arquitectesvalle","robots":{"index":"index","follow":"follow","max-snippet":"max-snippet:-1","max-image-preview":"max-image-preview:large","max-video-preview":"max-video-preview:-1"},"canonical":"https:\/\/arquitectesvallesbaix.com\/es\/proyectos-de-obra-nueva\/","og_locale":"es_ES","og_type":"article","og_title":"PROYECTOS DE OBRA NUEVA - arquitectesvalle","og_description":"PROYECTOS DE OBRA NUEVA Nos enorgullecemos de presentar nuestra colecci\u00f3n de proyectos de obra nueva que reflejan nuestro compromiso con la innovaci\u00f3n, la calidad y la excelencia en el dise\u00f1o arquitect\u00f3nico. Cada proyecto es una manifestaci\u00f3n de nuestra dedicaci\u00f3n para crear espacios que no s\u00f3lo satisfacen las necesidades funcionales, sino que tambi\u00e9n inspiran y enriquecen [&hellip;]","og_url":"https:\/\/arquitectesvallesbaix.com\/es\/proyectos-de-obra-nueva\/","og_site_name":"arquitectesvalle","article_modified_time":"2024-07-24T02:47:11+00:00","og_image":[{"url":"https:\/\/arquitectesvallesbaix.com\/wp-content\/uploads\/brizy\/imgs\/remodelacion-cocina-936x624x0x47x936x530x1679498966.jpg"}],"twitter_card":"summary_large_image","twitter_site":"@arquitectesvb","twitter_misc":{"Tiempo de lectura":"2 minutos"},"schema":{"@context":"https:\/\/schema.org","@graph":[{"@type":"WebPage","@id":"https:\/\/arquitectesvallesbaix.com\/es\/proyectos-de-obra-nueva\/","url":"https:\/\/arquitectesvallesbaix.com\/es\/proyectos-de-obra-nueva\/","name":"PROYECTOS DE OBRA NUEVA - arquitectesvalle","isPartOf":{"@id":"https:\/\/arquitectesvallesbaix.com\/#website"},"primaryImageOfPage":{"@id":"https:\/\/arquitectesvallesbaix.com\/es\/proyectos-de-obra-nueva\/#primaryimage"},"image":{"@id":"https:\/\/arquitectesvallesbaix.com\/es\/proyectos-de-obra-nueva\/#primaryimage"},"thumbnailUrl":"https:\/\/arquitectesvallesbaix.com\/wp-content\/uploads\/brizy\/imgs\/remodelacion-cocina-936x624x0x47x936x530x1679498966.jpg","datePublished":"2023-12-11T14:48:24+00:00","dateModified":"2024-07-24T02:47:11+00:00","breadcrumb":{"@id":"https:\/\/arquitectesvallesbaix.com\/es\/proyectos-de-obra-nueva\/#breadcrumb"},"inLanguage":"es","potentialAction":[{"@type":"ReadAction","target":["https:\/\/arquitectesvallesbaix.com\/es\/proyectos-de-obra-nueva\/"]}]},{"@type":"ImageObject","inLanguage":"es","@id":"https:\/\/arquitectesvallesbaix.com\/es\/proyectos-de-obra-nueva\/#primaryimage","url":"https:\/\/arquitectesvallesbaix.com\/wp-content\/uploads\/brizy\/imgs\/remodelacion-cocina-936x624x0x47x936x530x1679498966.jpg","contentUrl":"https:\/\/arquitectesvallesbaix.com\/wp-content\/uploads\/brizy\/imgs\/remodelacion-cocina-936x624x0x47x936x530x1679498966.jpg"},{"@type":"BreadcrumbList","@id":"https:\/\/arquitectesvallesbaix.com\/es\/proyectos-de-obra-nueva\/#breadcrumb","itemListElement":[{"@type":"ListItem","position":1,"name":"Inici","item":"https:\/\/arquitectesvallesbaix.com\/"},{"@type":"ListItem","position":2,"name":"PROYECTOS DE OBRA NUEVA"}]},{"@type":"WebSite","@id":"https:\/\/arquitectesvallesbaix.com\/#website","url":"https:\/\/arquitectesvallesbaix.com\/","name":"Arquitectes Vall\u00e8s-Baix","description":"","publisher":{"@id":"https:\/\/arquitectesvallesbaix.com\/#organization"},"potentialAction":[{"@type":"SearchAction","target":{"@type":"EntryPoint","urlTemplate":"https:\/\/arquitectesvallesbaix.com\/?s={search_term_string}"},"query-input":{"@type":"PropertyValueSpecification","valueRequired":true,"valueName":"search_term_string"}}],"inLanguage":"es"},{"@type":"Organization","@id":"https:\/\/arquitectesvallesbaix.com\/#organization","name":"Arquitectes Vall\u00e8s-Baix","url":"https:\/\/arquitectesvallesbaix.com\/","logo":{"@type":"ImageObject","inLanguage":"es","@id":"https:\/\/arquitectesvallesbaix.com\/#\/schema\/logo\/image\/","url":"https:\/\/arquitectesvallesbaix.comwp-content\/uploads\/2023\/03\/favicon.png","contentUrl":"https:\/\/arquitectesvallesbaix.comwp-content\/uploads\/2023\/03\/favicon.png","width":447,"height":447,"caption":"Arquitectes Vall\u00e8s-Baix"},"image":{"@id":"https:\/\/arquitectesvallesbaix.com\/#\/schema\/logo\/image\/"},"sameAs":["https:\/\/x.com\/arquitectesvb","https:\/\/www.linkedin.com\/in\/arquitectesvallesbaix\/?originalSubdomain=es"]}]}},"_links":{"self":[{"href":"https:\/\/arquitectesvallesbaix.com\/es\/wp-json\/wp\/v2\/pages\/1937","targetHints":{"allow":["GET"]}}],"collection":[{"href":"https:\/\/arquitectesvallesbaix.com\/es\/wp-json\/wp\/v2\/pages"}],"about":[{"href":"https:\/\/arquitectesvallesbaix.com\/es\/wp-json\/wp\/v2\/types\/page"}],"author":[{"embeddable":true,"href":"https:\/\/arquitectesvallesbaix.com\/es\/wp-json\/wp\/v2\/users\/1"}],"replies":[{"embeddable":true,"href":"https:\/\/arquitectesvallesbaix.com\/es\/wp-json\/wp\/v2\/comments?post=1937"}],"version-history":[{"count":0,"href":"https:\/\/arquitectesvallesbaix.com\/es\/wp-json\/wp\/v2\/pages\/1937\/revisions"}],"wp:attachment":[{"href":"https:\/\/arquitectesvallesbaix.com\/es\/wp-json\/wp\/v2\/media?parent=1937"}],"curies":[{"name":"wp","href":"https:\/\/api.w.org\/{rel}","templated":true}]}}