{"id":2091,"date":"2023-12-14T15:03:52","date_gmt":"2023-12-14T15:03:52","guid":{"rendered":"https:\/\/arquitectesvallesbaix.infofuturo.eu\/?page_id=2091"},"modified":"2024-07-24T02:48:07","modified_gmt":"2024-07-24T02:48:07","slug":"proyectos-de-rehabilitacion","status":"publish","type":"page","link":"https:\/\/arquitectesvallesbaix.com\/es\/proyectos-de-rehabilitacion\/","title":{"rendered":"PROYECTOS DE REHABILITACI\u00d3N"},"content":{"rendered":"<div class=\"brz-root__container brz-reset-all brz\">\n<section id=\"scraydyuqwqanxowhtsakxbdgzdzbyqnpmjk\" class=\"brz-section brz-css-jSCZ0 brz-css-qkU3S\">\n<div class=\"brz-section__content brz-section--boxed brz-css-qcYPX brz-css-j6leH\" data-brz-custom-id=\"purhbvaqkqyjjsplpowgeamcqtgtapuzdwkr\">\n<div class=\"brz-bg\">\n<div class=\"brz-bg-image\"><\/div>\n<div class=\"brz-bg-color\"><\/div>\n<\/div>\n<div class=\"brz-container brz-css-frCK8 brz-css-rRARd\">\n<div id=\"\" data-brz-iteration-count=\"1\" class=\"brz-css-gTMFL brz-wrapper brz-animated brz-css-yOSTt brz-css-lG4pE\" data-animationid=\"xvikivjtwszlchkcgwveilnqdjtvienvxsuh\">\n<div class=\"brz-rich-text brz-rich-text__custom brz-css-gc3OF\" data-brz-custom-id=\"yqfehmmkxsrfovjolvethvaldbcqudljlazy\">\n<div data-brz-translate-text=\"1\">\n<p class=\"brz-tp-lg-heading1 brz-lh-xs-2 brz-fs-xs-14 brz-text-lg-center brz-css-gR2kO\" data-generated-css=\"brz-css-pTWI2\" data-uniq-id=\"o_u1H\"><span>PROYECTOS DE REHABILITACI\u00d3N<\/span><\/p>\n<\/div>\n<\/div>\n<\/div>\n<div id=\"\" class=\"brz-css-gTMFL brz-css-oNGhj brz-wrapper\">\n<div class=\"brz-spacer brz-css-pvdcI brz-css-rW7ln\"><\/div>\n<\/div>\n<div data-brz-iteration-count=\"1\" class=\"brz-wrapper-clone brz-css-gKVmM brz-animated brz-css-j4rje brz-css-yvOPi\" data-animationid=\"qosdgyvuzugrpomhdnpwddgfdyvrkbuuzlkd\">\n<div class=\"brz-d-xs-flex brz-flex-xs-wrap brz-css-z0O7L\" data-brz-custom-id=\"\">\n<div class=\"brz-wrapper-clone__item\" id=\"ygirshowetikovhavagcruekhjbzhjrrepmr\">\n<div class=\"brz-icon__container\" data-brz-custom-id=\"ygirshowetikovhavagcruekhjbzhjrrepmr\"><a class=\"brz-a brz-anchor\" href=\"#etdrhwfbbupgaobihfuprevovyxlnsahuxsk\" target=\"_self\" rel=\"noopener\" data-brz-link-type=\"anchor\"><span class=\"brz-icon brz-span brz-css-jjjtu brz-css-lgk0g\"><\/span><\/a><\/div>\n<\/div>\n<\/div>\n<\/div>\n<\/div>\n<\/div>\n<\/section>\n<section id=\"etdrhwfbbupgaobihfuprevovyxlnsahuxsk\" class=\"brz-section brz-css-jSCZ0\">\n<div class=\"brz-section__content brz-section--boxed brz-css-qcYPX brz-css-wuLHO\" data-brz-custom-id=\"ubczeckzdltizpesxytlhheuonekemtntvjl\">\n<div class=\"brz-bg\">\n<div class=\"brz-bg-image\"><\/div>\n<div class=\"brz-bg-color\"><\/div>\n<\/div>\n<div class=\"brz-container brz-css-frCK8 brz-css-kmB5r\">\n<div id=\"\" class=\"brz-css-gTMFL brz-wrapper\">\n<div class=\"brz-rich-text brz-rich-text__custom brz-css-gc3OF\" data-brz-custom-id=\"ohdh28GlEd8K\">\n<div data-brz-translate-text=\"1\">\n<p class=\"brz-tp-lg-paragraph brz-css-x_sSU\" data-generated-css=\"brz-css-tAWLS\" data-uniq-id=\"gTnyQ\"><span class=\"brz-cp-color1\">Nuestra dedicaci\u00f3n a la excelencia e innovaci\u00f3n nos ha permitido transformar espacios antiguos en estructuras modernas y funcionales.<\/span><\/p>\n<\/div>\n<\/div>\n<\/div>\n<div id=\"\" class=\"brz-css-gTMFL brz-css-oNGhj brz-wrapper\">\n<div class=\"brz-spacer brz-css-pvdcI\"><\/div>\n<\/div>\n<div id=\"\" class=\"brz-css-gTMFL brz-wrapper\">\n<div class=\"brz-image brz-css-i_GDF brz-css-aYHGl\" data-brz-custom-id=\"gq8A5eq6T847\"><img decoding=\"async\" class=\"brz-img lazyload\" data-src=\"https:\/\/arquitectesvallesbaix.com\/wp-content\/uploads\/brizy\/imgs\/desnudas-construccion-1-936x624x0x47x936x530x1679499048.jpg\" alt=\"\" loading=\"lazy\" src=\"data:image\/gif;base64,R0lGODlhAQABAAAAACH5BAEKAAEALAAAAAABAAEAAAICTAEAOw==\" style=\"--smush-placeholder-width: 936px; --smush-placeholder-aspect-ratio: 936\/530;\"><noscript><img decoding=\"async\" class=\"brz-img\" src=\"https:\/\/arquitectesvallesbaix.com\/wp-content\/uploads\/brizy\/imgs\/desnudas-construccion-1-936x624x0x47x936x530x1679499048.jpg\" alt=\"\" loading=\"lazy\"><\/noscript><\/div>\n<\/div>\n<div id=\"\" class=\"brz-css-gTMFL brz-css-oNGhj brz-wrapper\">\n<div class=\"brz-spacer brz-css-pvdcI\"><\/div>\n<\/div>\n<div id=\"\" class=\"brz-css-gTMFL brz-wrapper\">\n<div class=\"brz-rich-text brz-rich-text__custom brz-css-gc3OF\" data-brz-custom-id=\"lTlFay7Nhq4P\">\n<div data-brz-translate-text=\"1\">\n<p class=\"brz-fss-lg-px brz-fw-lg-400 brz-ls-lg-0 brz-lh-lg-1_6 brz-tp-lg-empty brz-ff-reem_kufi brz-ft-google brz-fs-lg-24 brz-css-ngdHf\" data-generated-css=\"brz-css-sxYkY\" data-uniq-id=\"zCzzJ\"><strong class=\"brz-cp-color2\">Nuestro Enfoque<\/strong><\/p>\n<\/div>\n<\/div>\n<\/div>\n<div id=\"\" class=\"brz-css-gTMFL brz-wrapper\">\n<div class=\"brz-rich-text brz-rich-text__custom brz-css-gc3OF\" data-brz-custom-id=\"m8h3M9E9dvo8\">\n<div data-brz-translate-text=\"1\">\n<p class=\"brz-tp-lg-paragraph brz-css-q3uJS\" data-generated-css=\"brz-css-ihbAu\" data-uniq-id=\"lSeer\"><span class=\"brz-cp-color1\">En cada proyecto de rehabilitaci\u00f3n, adoptamos un enfoque integral que combina la preservaci\u00f3n del patrimonio arquitect\u00f3nico con las \u00faltimas tendencias en dise\u00f1o y tecnolog\u00eda. Valoramos la importancia de mantener la integridad hist\u00f3rica de los edificios, mientras incorporamos soluciones contempor\u00e1neas para satisfacer las necesidades actuales.<\/span><\/p>\n<\/div>\n<\/div>\n<\/div>\n<div id=\"\" class=\"brz-css-gTMFL brz-css-oNGhj brz-wrapper\">\n<div class=\"brz-spacer brz-css-pvdcI\"><\/div>\n<\/div>\n<div id=\"\" class=\"brz-css-gTMFL brz-wrapper\">\n<div class=\"brz-rich-text brz-rich-text__custom brz-css-gc3OF\" data-brz-custom-id=\"ukfuOqnbvYDa\">\n<div data-brz-translate-text=\"1\">\n<h3 class=\"brz-fss-lg-px brz-fw-lg-400 brz-ls-lg-7 brz-lh-lg-1_3 brz-tp-lg-empty brz-ff-reem_kufi brz-ft-google brz-fs-lg-24 brz-css-skoOQ\" data-generated-css=\"brz-css-xoizw\" data-uniq-id=\"wa6X1\"><strong class=\"brz-cp-color2\">Experiencia y Profesionalismo<\/strong><\/h3>\n<\/div>\n<\/div>\n<\/div>\n<div id=\"\" class=\"brz-css-gTMFL brz-wrapper\">\n<div class=\"brz-rich-text brz-rich-text__custom brz-css-gc3OF\" data-brz-custom-id=\"jXGjdqEfjfla\">\n<div data-brz-translate-text=\"1\">\n<p class=\"brz-tp-lg-paragraph brz-css-wDQvg\" data-generated-css=\"brz-css-atReC\" data-uniq-id=\"qJnns\"><span class=\"brz-cp-color1\">Con a\u00f1os de experiencia en la industria de la construcci\u00f3n, nuestro equipo de expertos en rehabilitaci\u00f3n est\u00e1 comprometido con la entrega de resultados de alta calidad. Colaboramos estrechamente con arquitectos, ingenieros y otros profesionales para garantizar que cada proyecto se lleve a cabo con precisi\u00f3n y atenci\u00f3n a los detalles.<\/span><\/p>\n<\/div>\n<\/div>\n<\/div>\n<div id=\"\" class=\"brz-css-gTMFL brz-css-oNGhj brz-wrapper\">\n<div class=\"brz-spacer brz-css-pvdcI\"><\/div>\n<\/div>\n<div class=\"brz-wrapper-clone brz-css-gKVmM\">\n<div class=\"brz-d-xs-flex brz-flex-xs-wrap brz-css-z0O7L\" data-brz-custom-id=\"\">\n<div class=\"brz-wrapper-clone__item\" id=\"yubWEMLIBRuz\"><a class=\"brz-a brz-btn brz-css-qYhFi\" href=\"\" target=\"_self\" rel=\"noopener\" data-brz-link-type=\"page\" data-brz-custom-id=\"yubWEMLIBRuz\"><span data-brz-translate-text=\"1\" class=\"brz-span brz-text__editor\">CONTACTAR<\/span><\/a><\/div>\n<\/div>\n<\/div>\n<\/div>\n<\/div>\n<\/section>\n<\/div>\n<p>    <!-- version:1721789287 --><\/p>\n","protected":false},"excerpt":{"rendered":"<p>PROYECTOS DE REHABILITACI\u00d3N Nuestra dedicaci\u00f3n a la excelencia e innovaci\u00f3n nos ha permitido transformar espacios antiguos en estructuras modernas y funcionales. Nuestro Enfoque En cada proyecto de rehabilitaci\u00f3n, adoptamos un enfoque integral que combina la preservaci\u00f3n del patrimonio arquitect\u00f3nico con las \u00faltimas tendencias en dise\u00f1o y tecnolog\u00eda. Valoramos la importancia de mantener la integridad hist\u00f3rica [&hellip;]<\/p>\n","protected":false},"author":1,"featured_media":0,"parent":0,"menu_order":0,"comment_status":"closed","ping_status":"closed","template":"brizy-blank-template.php","meta":{"site-sidebar-layout":"default","site-content-layout":"","ast-site-content-layout":"","site-content-style":"default","site-sidebar-style":"default","ast-global-header-display":"","ast-banner-title-visibility":"","ast-main-header-display":"","ast-hfb-above-header-display":"","ast-hfb-below-header-display":"","ast-hfb-mobile-header-display":"","site-post-title":"","ast-breadcrumbs-content":"","ast-featured-img":"","footer-sml-layout":"","theme-transparent-header-meta":"","adv-header-id-meta":"","stick-header-meta":"","header-above-stick-meta":"","header-main-stick-meta":"","header-below-stick-meta":"","astra-migrate-meta-layouts":"set","ast-page-background-enabled":"default","ast-page-background-meta":{"desktop":{"background-color":"var(--ast-global-color-4)","background-image":"","background-repeat":"repeat","background-position":"center center","background-size":"auto","background-attachment":"scroll","background-type":"","background-media":"","overlay-type":"","overlay-color":"","overlay-opacity":"","overlay-gradient":""},"tablet":{"background-color":"","background-image":"","background-repeat":"repeat","background-position":"center center","background-size":"auto","background-attachment":"scroll","background-type":"","background-media":"","overlay-type":"","overlay-color":"","overlay-opacity":"","overlay-gradient":""},"mobile":{"background-color":"","background-image":"","background-repeat":"repeat","background-position":"center center","background-size":"auto","background-attachment":"scroll","background-type":"","background-media":"","overlay-type":"","overlay-color":"","overlay-opacity":"","overlay-gradient":""}},"ast-content-background-meta":{"desktop":{"background-color":"var(--ast-global-color-5)","background-image":"","background-repeat":"repeat","background-position":"center center","background-size":"auto","background-attachment":"scroll","background-type":"","background-media":"","overlay-type":"","overlay-color":"","overlay-opacity":"","overlay-gradient":""},"tablet":{"background-color":"var(--ast-global-color-5)","background-image":"","background-repeat":"repeat","background-position":"center center","background-size":"auto","background-attachment":"scroll","background-type":"","background-media":"","overlay-type":"","overlay-color":"","overlay-opacity":"","overlay-gradient":""},"mobile":{"background-color":"var(--ast-global-color-5)","background-image":"","background-repeat":"repeat","background-position":"center center","background-size":"auto","background-attachment":"scroll","background-type":"","background-media":"","overlay-type":"","overlay-color":"","overlay-opacity":"","overlay-gradient":""}},"footnotes":""},"class_list":["post-2091","page","type-page","status-publish","hentry"],"yoast_head":"<!-- This site is optimized with the Yoast SEO plugin v23.7 - https:\/\/yoast.com\/wordpress\/plugins\/seo\/ -->\n<title>PROYECTOS DE REHABILITACI\u00d3N - arquitectesvalle<\/title>\n<meta name=\"robots\" content=\"index, follow, max-snippet:-1, max-image-preview:large, max-video-preview:-1\" \/>\n<link rel=\"canonical\" href=\"https:\/\/arquitectesvallesbaix.com\/es\/proyectos-de-rehabilitacion\/\" \/>\n<meta property=\"og:locale\" content=\"es_ES\" \/>\n<meta property=\"og:type\" content=\"article\" \/>\n<meta property=\"og:title\" content=\"PROYECTOS DE REHABILITACI\u00d3N - arquitectesvalle\" \/>\n<meta property=\"og:description\" content=\"PROYECTOS DE REHABILITACI\u00d3N Nuestra dedicaci\u00f3n a la excelencia e innovaci\u00f3n nos ha permitido transformar espacios antiguos en estructuras modernas y funcionales. Nuestro Enfoque En cada proyecto de rehabilitaci\u00f3n, adoptamos un enfoque integral que combina la preservaci\u00f3n del patrimonio arquitect\u00f3nico con las \u00faltimas tendencias en dise\u00f1o y tecnolog\u00eda. Valoramos la importancia de mantener la integridad hist\u00f3rica [&hellip;]\" \/>\n<meta property=\"og:url\" content=\"https:\/\/arquitectesvallesbaix.com\/es\/proyectos-de-rehabilitacion\/\" \/>\n<meta property=\"og:site_name\" content=\"arquitectesvalle\" \/>\n<meta property=\"article:modified_time\" content=\"2024-07-24T02:48:07+00:00\" \/>\n<meta property=\"og:image\" content=\"https:\/\/arquitectesvallesbaix.com\/wp-content\/uploads\/brizy\/imgs\/desnudas-construccion-1-936x624x0x47x936x530x1679499048.jpg\" \/>\n<meta name=\"twitter:card\" content=\"summary_large_image\" \/>\n<meta name=\"twitter:site\" content=\"@arquitectesvb\" \/>\n<meta name=\"twitter:label1\" content=\"Tiempo de lectura\" \/>\n\t<meta name=\"twitter:data1\" content=\"2 minutos\" \/>\n<script type=\"application\/ld+json\" class=\"yoast-schema-graph\">{\"@context\":\"https:\/\/schema.org\",\"@graph\":[{\"@type\":\"WebPage\",\"@id\":\"https:\/\/arquitectesvallesbaix.com\/es\/proyectos-de-rehabilitacion\/\",\"url\":\"https:\/\/arquitectesvallesbaix.com\/es\/proyectos-de-rehabilitacion\/\",\"name\":\"PROYECTOS DE REHABILITACI\u00d3N - arquitectesvalle\",\"isPartOf\":{\"@id\":\"https:\/\/arquitectesvallesbaix.com\/#website\"},\"primaryImageOfPage\":{\"@id\":\"https:\/\/arquitectesvallesbaix.com\/es\/proyectos-de-rehabilitacion\/#primaryimage\"},\"image\":{\"@id\":\"https:\/\/arquitectesvallesbaix.com\/es\/proyectos-de-rehabilitacion\/#primaryimage\"},\"thumbnailUrl\":\"https:\/\/arquitectesvallesbaix.com\/wp-content\/uploads\/brizy\/imgs\/desnudas-construccion-1-936x624x0x47x936x530x1679499048.jpg\",\"datePublished\":\"2023-12-14T15:03:52+00:00\",\"dateModified\":\"2024-07-24T02:48:07+00:00\",\"breadcrumb\":{\"@id\":\"https:\/\/arquitectesvallesbaix.com\/es\/proyectos-de-rehabilitacion\/#breadcrumb\"},\"inLanguage\":\"es\",\"potentialAction\":[{\"@type\":\"ReadAction\",\"target\":[\"https:\/\/arquitectesvallesbaix.com\/es\/proyectos-de-rehabilitacion\/\"]}]},{\"@type\":\"ImageObject\",\"inLanguage\":\"es\",\"@id\":\"https:\/\/arquitectesvallesbaix.com\/es\/proyectos-de-rehabilitacion\/#primaryimage\",\"url\":\"https:\/\/arquitectesvallesbaix.com\/wp-content\/uploads\/brizy\/imgs\/desnudas-construccion-1-936x624x0x47x936x530x1679499048.jpg\",\"contentUrl\":\"https:\/\/arquitectesvallesbaix.com\/wp-content\/uploads\/brizy\/imgs\/desnudas-construccion-1-936x624x0x47x936x530x1679499048.jpg\"},{\"@type\":\"BreadcrumbList\",\"@id\":\"https:\/\/arquitectesvallesbaix.com\/es\/proyectos-de-rehabilitacion\/#breadcrumb\",\"itemListElement\":[{\"@type\":\"ListItem\",\"position\":1,\"name\":\"Inici\",\"item\":\"https:\/\/arquitectesvallesbaix.com\/\"},{\"@type\":\"ListItem\",\"position\":2,\"name\":\"PROYECTOS DE REHABILITACI\u00d3N\"}]},{\"@type\":\"WebSite\",\"@id\":\"https:\/\/arquitectesvallesbaix.com\/#website\",\"url\":\"https:\/\/arquitectesvallesbaix.com\/\",\"name\":\"Arquitectes Vall\u00e8s-Baix\",\"description\":\"\",\"publisher\":{\"@id\":\"https:\/\/arquitectesvallesbaix.com\/#organization\"},\"potentialAction\":[{\"@type\":\"SearchAction\",\"target\":{\"@type\":\"EntryPoint\",\"urlTemplate\":\"https:\/\/arquitectesvallesbaix.com\/?s={search_term_string}\"},\"query-input\":{\"@type\":\"PropertyValueSpecification\",\"valueRequired\":true,\"valueName\":\"search_term_string\"}}],\"inLanguage\":\"es\"},{\"@type\":\"Organization\",\"@id\":\"https:\/\/arquitectesvallesbaix.com\/#organization\",\"name\":\"Arquitectes Vall\u00e8s-Baix\",\"url\":\"https:\/\/arquitectesvallesbaix.com\/\",\"logo\":{\"@type\":\"ImageObject\",\"inLanguage\":\"es\",\"@id\":\"https:\/\/arquitectesvallesbaix.com\/#\/schema\/logo\/image\/\",\"url\":\"https:\/\/arquitectesvallesbaix.comwp-content\/uploads\/2023\/03\/favicon.png\",\"contentUrl\":\"https:\/\/arquitectesvallesbaix.comwp-content\/uploads\/2023\/03\/favicon.png\",\"width\":447,\"height\":447,\"caption\":\"Arquitectes Vall\u00e8s-Baix\"},\"image\":{\"@id\":\"https:\/\/arquitectesvallesbaix.com\/#\/schema\/logo\/image\/\"},\"sameAs\":[\"https:\/\/x.com\/arquitectesvb\",\"https:\/\/www.linkedin.com\/in\/arquitectesvallesbaix\/?originalSubdomain=es\"]}]}<\/script>\n<!-- \/ Yoast SEO plugin. -->","yoast_head_json":{"title":"PROYECTOS DE REHABILITACI\u00d3N - arquitectesvalle","robots":{"index":"index","follow":"follow","max-snippet":"max-snippet:-1","max-image-preview":"max-image-preview:large","max-video-preview":"max-video-preview:-1"},"canonical":"https:\/\/arquitectesvallesbaix.com\/es\/proyectos-de-rehabilitacion\/","og_locale":"es_ES","og_type":"article","og_title":"PROYECTOS DE REHABILITACI\u00d3N - arquitectesvalle","og_description":"PROYECTOS DE REHABILITACI\u00d3N Nuestra dedicaci\u00f3n a la excelencia e innovaci\u00f3n nos ha permitido transformar espacios antiguos en estructuras modernas y funcionales. Nuestro Enfoque En cada proyecto de rehabilitaci\u00f3n, adoptamos un enfoque integral que combina la preservaci\u00f3n del patrimonio arquitect\u00f3nico con las \u00faltimas tendencias en dise\u00f1o y tecnolog\u00eda. Valoramos la importancia de mantener la integridad hist\u00f3rica [&hellip;]","og_url":"https:\/\/arquitectesvallesbaix.com\/es\/proyectos-de-rehabilitacion\/","og_site_name":"arquitectesvalle","article_modified_time":"2024-07-24T02:48:07+00:00","og_image":[{"url":"https:\/\/arquitectesvallesbaix.com\/wp-content\/uploads\/brizy\/imgs\/desnudas-construccion-1-936x624x0x47x936x530x1679499048.jpg"}],"twitter_card":"summary_large_image","twitter_site":"@arquitectesvb","twitter_misc":{"Tiempo de lectura":"2 minutos"},"schema":{"@context":"https:\/\/schema.org","@graph":[{"@type":"WebPage","@id":"https:\/\/arquitectesvallesbaix.com\/es\/proyectos-de-rehabilitacion\/","url":"https:\/\/arquitectesvallesbaix.com\/es\/proyectos-de-rehabilitacion\/","name":"PROYECTOS DE REHABILITACI\u00d3N - arquitectesvalle","isPartOf":{"@id":"https:\/\/arquitectesvallesbaix.com\/#website"},"primaryImageOfPage":{"@id":"https:\/\/arquitectesvallesbaix.com\/es\/proyectos-de-rehabilitacion\/#primaryimage"},"image":{"@id":"https:\/\/arquitectesvallesbaix.com\/es\/proyectos-de-rehabilitacion\/#primaryimage"},"thumbnailUrl":"https:\/\/arquitectesvallesbaix.com\/wp-content\/uploads\/brizy\/imgs\/desnudas-construccion-1-936x624x0x47x936x530x1679499048.jpg","datePublished":"2023-12-14T15:03:52+00:00","dateModified":"2024-07-24T02:48:07+00:00","breadcrumb":{"@id":"https:\/\/arquitectesvallesbaix.com\/es\/proyectos-de-rehabilitacion\/#breadcrumb"},"inLanguage":"es","potentialAction":[{"@type":"ReadAction","target":["https:\/\/arquitectesvallesbaix.com\/es\/proyectos-de-rehabilitacion\/"]}]},{"@type":"ImageObject","inLanguage":"es","@id":"https:\/\/arquitectesvallesbaix.com\/es\/proyectos-de-rehabilitacion\/#primaryimage","url":"https:\/\/arquitectesvallesbaix.com\/wp-content\/uploads\/brizy\/imgs\/desnudas-construccion-1-936x624x0x47x936x530x1679499048.jpg","contentUrl":"https:\/\/arquitectesvallesbaix.com\/wp-content\/uploads\/brizy\/imgs\/desnudas-construccion-1-936x624x0x47x936x530x1679499048.jpg"},{"@type":"BreadcrumbList","@id":"https:\/\/arquitectesvallesbaix.com\/es\/proyectos-de-rehabilitacion\/#breadcrumb","itemListElement":[{"@type":"ListItem","position":1,"name":"Inici","item":"https:\/\/arquitectesvallesbaix.com\/"},{"@type":"ListItem","position":2,"name":"PROYECTOS DE REHABILITACI\u00d3N"}]},{"@type":"WebSite","@id":"https:\/\/arquitectesvallesbaix.com\/#website","url":"https:\/\/arquitectesvallesbaix.com\/","name":"Arquitectes Vall\u00e8s-Baix","description":"","publisher":{"@id":"https:\/\/arquitectesvallesbaix.com\/#organization"},"potentialAction":[{"@type":"SearchAction","target":{"@type":"EntryPoint","urlTemplate":"https:\/\/arquitectesvallesbaix.com\/?s={search_term_string}"},"query-input":{"@type":"PropertyValueSpecification","valueRequired":true,"valueName":"search_term_string"}}],"inLanguage":"es"},{"@type":"Organization","@id":"https:\/\/arquitectesvallesbaix.com\/#organization","name":"Arquitectes Vall\u00e8s-Baix","url":"https:\/\/arquitectesvallesbaix.com\/","logo":{"@type":"ImageObject","inLanguage":"es","@id":"https:\/\/arquitectesvallesbaix.com\/#\/schema\/logo\/image\/","url":"https:\/\/arquitectesvallesbaix.comwp-content\/uploads\/2023\/03\/favicon.png","contentUrl":"https:\/\/arquitectesvallesbaix.comwp-content\/uploads\/2023\/03\/favicon.png","width":447,"height":447,"caption":"Arquitectes Vall\u00e8s-Baix"},"image":{"@id":"https:\/\/arquitectesvallesbaix.com\/#\/schema\/logo\/image\/"},"sameAs":["https:\/\/x.com\/arquitectesvb","https:\/\/www.linkedin.com\/in\/arquitectesvallesbaix\/?originalSubdomain=es"]}]}},"_links":{"self":[{"href":"https:\/\/arquitectesvallesbaix.com\/es\/wp-json\/wp\/v2\/pages\/2091","targetHints":{"allow":["GET"]}}],"collection":[{"href":"https:\/\/arquitectesvallesbaix.com\/es\/wp-json\/wp\/v2\/pages"}],"about":[{"href":"https:\/\/arquitectesvallesbaix.com\/es\/wp-json\/wp\/v2\/types\/page"}],"author":[{"embeddable":true,"href":"https:\/\/arquitectesvallesbaix.com\/es\/wp-json\/wp\/v2\/users\/1"}],"replies":[{"embeddable":true,"href":"https:\/\/arquitectesvallesbaix.com\/es\/wp-json\/wp\/v2\/comments?post=2091"}],"version-history":[{"count":0,"href":"https:\/\/arquitectesvallesbaix.com\/es\/wp-json\/wp\/v2\/pages\/2091\/revisions"}],"wp:attachment":[{"href":"https:\/\/arquitectesvallesbaix.com\/es\/wp-json\/wp\/v2\/media?parent=2091"}],"curies":[{"name":"wp","href":"https:\/\/api.w.org\/{rel}","templated":true}]}}